{"id":9603,"date":"2025-08-04T12:31:07","date_gmt":"2025-08-04T11:31:07","guid":{"rendered":"https:\/\/antrix.pt\/imagens-da-fabrica-do-ingles\/"},"modified":"2025-08-05T11:50:16","modified_gmt":"2025-08-05T10:50:16","slug":"imagens-da-fabrica-do-ingles","status":"publish","type":"page","link":"https:\/\/antrix.pt\/pt-pt\/imagens-da-fabrica-do-ingles\/","title":{"rendered":"F\u00e1brica do Ingl\u00eas &#8211; Galeria"},"content":{"rendered":"\t\t<div data-elementor-type=\"wp-page\" data-elementor-id=\"9603\" class=\"elementor elementor-9603 elementor-9578\" data-elementor-post-type=\"page\">\n\t\t\t\t<div class=\"elementor-element elementor-element-74f0a1a animated-fast e-flex e-con-boxed elementor-invisible e-con e-parent\" data-id=\"74f0a1a\" data-element_type=\"container\" data-settings=\"{&quot;animation&quot;:&quot;h-neuron-animation--slideUp&quot;,&quot;background_background&quot;:&quot;classic&quot;}\">\n\t\t\t\t\t<div class=\"e-con-inner\">\n\t\t<div class=\"elementor-element elementor-element-6e5fc3a e-con-full e-flex e-con e-child\" data-id=\"6e5fc3a\" data-element_type=\"container\">\n\t\t<div class=\"elementor-element elementor-element-a486b7b e-con-full e-flex e-con e-child\" data-id=\"a486b7b\" data-element_type=\"container\">\n\t\t\t\t<div class=\"elementor-element elementor-element-746c880 elementor-widget elementor-widget-heading\" data-id=\"746c880\" data-element_type=\"widget\" data-widget_type=\"heading.default\">\n\t\t\t\t<div class=\"elementor-widget-container\">\n\t\t\t\t\t<h4 class=\"elementor-heading-title elementor-size-default\">Imagens da F\u00e1brica do Ingl\u00eas<\/h4>\t\t\t\t<\/div>\n\t\t\t\t<\/div>\n\t\t\t\t<\/div>\n\t\t\t\t<\/div>\n\t\t\t\t\t<\/div>\n\t\t\t\t<\/div>\n\t\t<div class=\"elementor-element elementor-element-3356593 animated-fast saam__breadcrumbs n-tenton-container--wide e-flex e-con-boxed elementor-invisible e-con e-parent\" data-id=\"3356593\" data-element_type=\"container\" data-settings=\"{&quot;animation&quot;:&quot;h-neuron-animation--slideUp&quot;,&quot;background_background&quot;:&quot;classic&quot;,&quot;position&quot;:&quot;absolute&quot;}\">\n\t\t\t\t\t<div class=\"e-con-inner\">\n\t\t\t\t<div class=\"elementor-element elementor-element-49836e0 elementor-widget elementor-widget-neuron-breadcrumbs\" data-id=\"49836e0\" data-element_type=\"widget\" data-widget_type=\"neuron-breadcrumbs.default\">\n\t\t\t\t<div class=\"elementor-widget-container\">\n\t\t\t\t\t\r\n\t\t\t<div class=\"m-neuron-breadcrumbs\" aria-label=\"You are here:\">\r\n\t\t\t\t<span class=\"m-neuron-breadcrumbs__item\"><a href=\"\/\">Home<\/a><\/span> <span class=\"m-neuron-breadcrumbs__separator\"> <svg xmlns=\"http:\/\/www.w3.org\/2000\/svg\" xmlns:xlink=\"http:\/\/www.w3.org\/1999\/xlink\" width=\"8.58\" height=\"16.088\" viewBox=\"0 0 8.58 16.088\"><defs><clipPath id=\"clip-path\"><rect id=\"Rectangle_8\" data-name=\"Rectangle 8\" width=\"16.088\" height=\"8.58\" fill=\"#002830\"><\/rect><\/clipPath><\/defs><g id=\"Group_5053\" data-name=\"Group 5053\" transform=\"translate(8.58) rotate(90)\"><g id=\"Group_1\" data-name=\"Group 1\" transform=\"translate(0 0)\" clip-path=\"url(#clip-path)\"><path id=\"Path_79\" data-name=\"Path 79\" d=\"M7.246,1.274,7.461.992,7.472.978,7.477.971,7.472.978l.01-.012L7.587.837C7.973.392,9.21-.8,10.394.845L16.088,8.58H13.067L7.718,1.313l-.126.455C6.774,4.656,6.181,8.58,0,8.58V5.8c4.356,0,5.645-2.427,7.246-4.523\" transform=\"translate(0 0)\" fill=\"#002830\"><\/path><\/g><\/g><\/svg><\/span> <span class=\"m-neuron-breadcrumbs__item\" aria-current=\"page\">F\u00e1brica do Ingl\u00eas &#8211; Galeria<\/span>\t\t\t<\/div>\r\n\r\n\t\t   \t\t\t\t<\/div>\n\t\t\t\t<\/div>\n\t\t\t\t\t<\/div>\n\t\t\t\t<\/div>\n\t\t<div class=\"elementor-element elementor-element-64c91ee e-flex e-con-boxed e-con e-parent\" data-id=\"64c91ee\" data-element_type=\"container\">\n\t\t\t\t\t<div class=\"e-con-inner\">\n\t\t\t\t<div class=\"elementor-element elementor-element-e0fc333 l-neuron-grid-wrapper--columns__3 l-neuron-grid-wrapper-tablet--columns__2 l-neuron-grid-wrapper-mobile--columns__2 m-neuron-gallery--layout-grid m-neuron-gallery--overlay-none elementor-invisible elementor-widget elementor-widget-neuron-gallery\" data-id=\"e0fc333\" data-element_type=\"widget\" data-settings=\"{&quot;columns&quot;:&quot;3&quot;,&quot;columns_tablet&quot;:&quot;2&quot;,&quot;columns_mobile&quot;:&quot;2&quot;,&quot;carousel&quot;:&quot;no&quot;,&quot;layout&quot;:&quot;grid&quot;,&quot;row_gap&quot;:{&quot;unit&quot;:&quot;px&quot;,&quot;size&quot;:35,&quot;sizes&quot;:[]},&quot;row_gap_tablet&quot;:{&quot;unit&quot;:&quot;px&quot;,&quot;size&quot;:&quot;&quot;,&quot;sizes&quot;:[]},&quot;row_gap_mobile&quot;:{&quot;unit&quot;:&quot;px&quot;,&quot;size&quot;:&quot;&quot;,&quot;sizes&quot;:[]},&quot;animation&quot;:&quot;yes&quot;,&quot;neuron_animations&quot;:&quot;h-neuron-animation--slideUp&quot;,&quot;neuron_animations_duration&quot;:&quot;animated&quot;,&quot;animation_delay&quot;:0,&quot;image_animation_hover&quot;:&quot;none&quot;}\" data-widget_type=\"neuron-gallery.default\">\n\t\t\t\t<div class=\"elementor-widget-container\">\n\t\t\t\t\t\t\r\n\t\t\r\n\t\t\t\t<div class=\"l-neuron-grid\" data-masonry-id=\"b013f2b8deeb2ef0c1812e3aa0b0bae5\">\r\n\t\t\t\t\t\t\t\t\t\t\t<a class=\"l-neuron-grid__item m-neuron-gallery__item h-neuron-animation--wow\" data-elementor-open-lightbox=\"yes\" data-elementor-lightbox-slideshow=\"all-e0fc333\" data-id=\"9574\" href=\"https:\/\/antrix.pt\/wp-content\/uploads\/2025\/08\/Main-Image-scaled.jpg\" data-elementor-lightbox-title=\"Main Image\">\r\n\r\n\t\t\t\t\t\t\t<div class=\"m-neuron-gallery__inner\">\r\n\r\n\t\t\t\t\t\t\t\t\r\n\t\t\t\t\t\t\t\t<div class=\"m-neuron-gallery__thumbnail--link\">\r\n\t\t\t\t\t\t\t\t\t<div class=\"m-neuron-gallery__thumbnail\">\r\n\t\t\t\t\t\t\t\t\t\t<img decoding=\"async\" src=\"https:\/\/antrix.pt\/wp-content\/uploads\/2025\/08\/Main-Image-1024x576.jpg\" \/>\r\n\t\t\t\t\t\t\t\t\t<\/div>\r\n\t\t\t\t\t\t\t\t\t\t\t\t\t\t\t\t\t<\/div>\r\n\t\t\t\t\t\t\t\t\r\n\t\t\t\t\t\t\t\t\r\n\t\t\t\t\t\t\t<\/div>\r\n\r\n\t\t\t\t\t\t<\/a>\r\n\r\n\t\t\t\t\t\t\r\n\t\t\t\t\t\t\t\t\t\t\t<a class=\"l-neuron-grid__item m-neuron-gallery__item h-neuron-animation--wow\" data-elementor-open-lightbox=\"yes\" data-elementor-lightbox-slideshow=\"all-e0fc333\" data-id=\"9576\" href=\"https:\/\/antrix.pt\/wp-content\/uploads\/2025\/08\/Second-image.jpg\" data-elementor-lightbox-title=\"Second image\">\r\n\r\n\t\t\t\t\t\t\t<div class=\"m-neuron-gallery__inner\">\r\n\r\n\t\t\t\t\t\t\t\t\r\n\t\t\t\t\t\t\t\t<div class=\"m-neuron-gallery__thumbnail--link\">\r\n\t\t\t\t\t\t\t\t\t<div class=\"m-neuron-gallery__thumbnail\">\r\n\t\t\t\t\t\t\t\t\t\t<img decoding=\"async\" src=\"https:\/\/antrix.pt\/wp-content\/uploads\/2025\/08\/Second-image-1024x576.jpg\" \/>\r\n\t\t\t\t\t\t\t\t\t<\/div>\r\n\t\t\t\t\t\t\t\t\t\t\t\t\t\t\t\t\t<\/div>\r\n\t\t\t\t\t\t\t\t\r\n\t\t\t\t\t\t\t\t\r\n\t\t\t\t\t\t\t<\/div>\r\n\r\n\t\t\t\t\t\t<\/a>\r\n\r\n\t\t\t\t\t\t\r\n\t\t\t\t\t\t\t\t\t\t\t<a class=\"l-neuron-grid__item m-neuron-gallery__item h-neuron-animation--wow\" data-elementor-open-lightbox=\"yes\" data-elementor-lightbox-slideshow=\"all-e0fc333\" data-id=\"9554\" href=\"https:\/\/antrix.pt\/wp-content\/uploads\/2025\/08\/images-of-fabrica-1.jpg\" data-elementor-lightbox-title=\"images of fa\u00c3\u0152\u00c2\u0081brica 1\">\r\n\r\n\t\t\t\t\t\t\t<div class=\"m-neuron-gallery__inner\">\r\n\r\n\t\t\t\t\t\t\t\t\r\n\t\t\t\t\t\t\t\t<div class=\"m-neuron-gallery__thumbnail--link\">\r\n\t\t\t\t\t\t\t\t\t<div class=\"m-neuron-gallery__thumbnail\">\r\n\t\t\t\t\t\t\t\t\t\t<img decoding=\"async\" src=\"https:\/\/antrix.pt\/wp-content\/uploads\/2025\/08\/images-of-fabrica-1-1024x801.jpg\" \/>\r\n\t\t\t\t\t\t\t\t\t<\/div>\r\n\t\t\t\t\t\t\t\t\t\t\t\t\t\t\t\t\t<\/div>\r\n\t\t\t\t\t\t\t\t\r\n\t\t\t\t\t\t\t\t\r\n\t\t\t\t\t\t\t<\/div>\r\n\r\n\t\t\t\t\t\t<\/a>\r\n\r\n\t\t\t\t\t\t\r\n\t\t\t\t\t\t\t\t\t\t\t<a class=\"l-neuron-grid__item m-neuron-gallery__item h-neuron-animation--wow\" data-elementor-open-lightbox=\"yes\" data-elementor-lightbox-slideshow=\"all-e0fc333\" data-id=\"9556\" href=\"https:\/\/antrix.pt\/wp-content\/uploads\/2025\/08\/images-of-fabrica-2.jpg\" data-elementor-lightbox-title=\"images of fa\u00c3\u0152\u00c2\u0081brica 2\">\r\n\r\n\t\t\t\t\t\t\t<div class=\"m-neuron-gallery__inner\">\r\n\r\n\t\t\t\t\t\t\t\t\r\n\t\t\t\t\t\t\t\t<div class=\"m-neuron-gallery__thumbnail--link\">\r\n\t\t\t\t\t\t\t\t\t<div class=\"m-neuron-gallery__thumbnail\">\r\n\t\t\t\t\t\t\t\t\t\t<img decoding=\"async\" src=\"https:\/\/antrix.pt\/wp-content\/uploads\/2025\/08\/images-of-fabrica-2-1024x686.jpg\" \/>\r\n\t\t\t\t\t\t\t\t\t<\/div>\r\n\t\t\t\t\t\t\t\t\t\t\t\t\t\t\t\t\t<\/div>\r\n\t\t\t\t\t\t\t\t\r\n\t\t\t\t\t\t\t\t\r\n\t\t\t\t\t\t\t<\/div>\r\n\r\n\t\t\t\t\t\t<\/a>\r\n\r\n\t\t\t\t\t\t\r\n\t\t\t\t\t\t\t\t\t\t\t<a class=\"l-neuron-grid__item m-neuron-gallery__item h-neuron-animation--wow\" data-elementor-open-lightbox=\"yes\" data-elementor-lightbox-slideshow=\"all-e0fc333\" data-id=\"9558\" href=\"https:\/\/antrix.pt\/wp-content\/uploads\/2025\/08\/images-of-fabrica-3.jpg\" data-elementor-lightbox-title=\"images of fa\u00c3\u0152\u00c2\u0081brica 3\">\r\n\r\n\t\t\t\t\t\t\t<div class=\"m-neuron-gallery__inner\">\r\n\r\n\t\t\t\t\t\t\t\t\r\n\t\t\t\t\t\t\t\t<div class=\"m-neuron-gallery__thumbnail--link\">\r\n\t\t\t\t\t\t\t\t\t<div class=\"m-neuron-gallery__thumbnail\">\r\n\t\t\t\t\t\t\t\t\t\t<img decoding=\"async\" src=\"https:\/\/antrix.pt\/wp-content\/uploads\/2025\/08\/images-of-fabrica-3-1024x686.jpg\" \/>\r\n\t\t\t\t\t\t\t\t\t<\/div>\r\n\t\t\t\t\t\t\t\t\t\t\t\t\t\t\t\t\t<\/div>\r\n\t\t\t\t\t\t\t\t\r\n\t\t\t\t\t\t\t\t\r\n\t\t\t\t\t\t\t<\/div>\r\n\r\n\t\t\t\t\t\t<\/a>\r\n\r\n\t\t\t\t\t\t\r\n\t\t\t\t\t\t\t\t\t\t\t<a class=\"l-neuron-grid__item m-neuron-gallery__item h-neuron-animation--wow\" data-elementor-open-lightbox=\"yes\" data-elementor-lightbox-slideshow=\"all-e0fc333\" data-id=\"9560\" href=\"https:\/\/antrix.pt\/wp-content\/uploads\/2025\/08\/images-of-fabrica-5.jpg\" data-elementor-lightbox-title=\"images of fa\u00c3\u0152\u00c2\u0081brica 5\">\r\n\r\n\t\t\t\t\t\t\t<div class=\"m-neuron-gallery__inner\">\r\n\r\n\t\t\t\t\t\t\t\t\r\n\t\t\t\t\t\t\t\t<div class=\"m-neuron-gallery__thumbnail--link\">\r\n\t\t\t\t\t\t\t\t\t<div class=\"m-neuron-gallery__thumbnail\">\r\n\t\t\t\t\t\t\t\t\t\t<img decoding=\"async\" src=\"https:\/\/antrix.pt\/wp-content\/uploads\/2025\/08\/images-of-fabrica-5-1024x773.jpg\" \/>\r\n\t\t\t\t\t\t\t\t\t<\/div>\r\n\t\t\t\t\t\t\t\t\t\t\t\t\t\t\t\t\t<\/div>\r\n\t\t\t\t\t\t\t\t\r\n\t\t\t\t\t\t\t\t\r\n\t\t\t\t\t\t\t<\/div>\r\n\r\n\t\t\t\t\t\t<\/a>\r\n\r\n\t\t\t\t\t\t\r\n\t\t\t\t\t\t\t\t\t\t\t<a class=\"l-neuron-grid__item m-neuron-gallery__item h-neuron-animation--wow\" data-elementor-open-lightbox=\"yes\" data-elementor-lightbox-slideshow=\"all-e0fc333\" data-id=\"9562\" href=\"https:\/\/antrix.pt\/wp-content\/uploads\/2025\/08\/images-of-fabrica-7.jpg\" data-elementor-lightbox-title=\"images of fa\u00c3\u0152\u00c2\u0081brica 7\">\r\n\r\n\t\t\t\t\t\t\t<div class=\"m-neuron-gallery__inner\">\r\n\r\n\t\t\t\t\t\t\t\t\r\n\t\t\t\t\t\t\t\t<div class=\"m-neuron-gallery__thumbnail--link\">\r\n\t\t\t\t\t\t\t\t\t<div class=\"m-neuron-gallery__thumbnail\">\r\n\t\t\t\t\t\t\t\t\t\t<img decoding=\"async\" src=\"https:\/\/antrix.pt\/wp-content\/uploads\/2025\/08\/images-of-fabrica-7-1024x768.jpg\" \/>\r\n\t\t\t\t\t\t\t\t\t<\/div>\r\n\t\t\t\t\t\t\t\t\t\t\t\t\t\t\t\t\t<\/div>\r\n\t\t\t\t\t\t\t\t\r\n\t\t\t\t\t\t\t\t\r\n\t\t\t\t\t\t\t<\/div>\r\n\r\n\t\t\t\t\t\t<\/a>\r\n\r\n\t\t\t\t\t\t\r\n\t\t\t\t\t\t\t\t\t\t\t<a class=\"l-neuron-grid__item m-neuron-gallery__item h-neuron-animation--wow\" data-elementor-open-lightbox=\"yes\" data-elementor-lightbox-slideshow=\"all-e0fc333\" data-id=\"9564\" href=\"https:\/\/antrix.pt\/wp-content\/uploads\/2025\/08\/images-of-fabrica-9.jpg\" data-elementor-lightbox-title=\"images of fa\u00c3\u0152\u00c2\u0081brica 9\">\r\n\r\n\t\t\t\t\t\t\t<div class=\"m-neuron-gallery__inner\">\r\n\r\n\t\t\t\t\t\t\t\t\r\n\t\t\t\t\t\t\t\t<div class=\"m-neuron-gallery__thumbnail--link\">\r\n\t\t\t\t\t\t\t\t\t<div class=\"m-neuron-gallery__thumbnail\">\r\n\t\t\t\t\t\t\t\t\t\t<img decoding=\"async\" src=\"https:\/\/antrix.pt\/wp-content\/uploads\/2025\/08\/images-of-fabrica-9-1024x576.jpg\" \/>\r\n\t\t\t\t\t\t\t\t\t<\/div>\r\n\t\t\t\t\t\t\t\t\t\t\t\t\t\t\t\t\t<\/div>\r\n\t\t\t\t\t\t\t\t\r\n\t\t\t\t\t\t\t\t\r\n\t\t\t\t\t\t\t<\/div>\r\n\r\n\t\t\t\t\t\t<\/a>\r\n\r\n\t\t\t\t\t\t\r\n\t\t\t\t\t\t\t\t\t\t\t<a class=\"l-neuron-grid__item m-neuron-gallery__item h-neuron-animation--wow\" data-elementor-open-lightbox=\"yes\" data-elementor-lightbox-slideshow=\"all-e0fc333\" data-id=\"9566\" href=\"https:\/\/antrix.pt\/wp-content\/uploads\/2025\/08\/images-of-fabrica-10.jpg\" data-elementor-lightbox-title=\"images of fa\u00c3\u0152\u00c2\u0081brica 10\">\r\n\r\n\t\t\t\t\t\t\t<div class=\"m-neuron-gallery__inner\">\r\n\r\n\t\t\t\t\t\t\t\t\r\n\t\t\t\t\t\t\t\t<div class=\"m-neuron-gallery__thumbnail--link\">\r\n\t\t\t\t\t\t\t\t\t<div class=\"m-neuron-gallery__thumbnail\">\r\n\t\t\t\t\t\t\t\t\t\t<img decoding=\"async\" src=\"https:\/\/antrix.pt\/wp-content\/uploads\/2025\/08\/images-of-fabrica-10-1024x576.jpg\" \/>\r\n\t\t\t\t\t\t\t\t\t<\/div>\r\n\t\t\t\t\t\t\t\t\t\t\t\t\t\t\t\t\t<\/div>\r\n\t\t\t\t\t\t\t\t\r\n\t\t\t\t\t\t\t\t\r\n\t\t\t\t\t\t\t<\/div>\r\n\r\n\t\t\t\t\t\t<\/a>\r\n\r\n\t\t\t\t\t\t\r\n\t\t\t\t\t\t\t\t\t\t\t<a class=\"l-neuron-grid__item m-neuron-gallery__item h-neuron-animation--wow\" data-elementor-open-lightbox=\"yes\" data-elementor-lightbox-slideshow=\"all-e0fc333\" data-id=\"9568\" href=\"https:\/\/antrix.pt\/wp-content\/uploads\/2025\/08\/images-of-fabrica-11.jpg\" data-elementor-lightbox-title=\"images of fa\u00c3\u0152\u00c2\u0081brica 11\">\r\n\r\n\t\t\t\t\t\t\t<div class=\"m-neuron-gallery__inner\">\r\n\r\n\t\t\t\t\t\t\t\t\r\n\t\t\t\t\t\t\t\t<div class=\"m-neuron-gallery__thumbnail--link\">\r\n\t\t\t\t\t\t\t\t\t<div class=\"m-neuron-gallery__thumbnail\">\r\n\t\t\t\t\t\t\t\t\t\t<img decoding=\"async\" src=\"https:\/\/antrix.pt\/wp-content\/uploads\/2025\/08\/images-of-fabrica-11-1024x576.jpg\" \/>\r\n\t\t\t\t\t\t\t\t\t<\/div>\r\n\t\t\t\t\t\t\t\t\t\t\t\t\t\t\t\t\t<\/div>\r\n\t\t\t\t\t\t\t\t\r\n\t\t\t\t\t\t\t\t\r\n\t\t\t\t\t\t\t<\/div>\r\n\r\n\t\t\t\t\t\t<\/a>\r\n\r\n\t\t\t\t\t\t\r\n\t\t\t\t\t\t\t\t\t\t\t<a class=\"l-neuron-grid__item m-neuron-gallery__item h-neuron-animation--wow\" data-elementor-open-lightbox=\"yes\" data-elementor-lightbox-slideshow=\"all-e0fc333\" data-id=\"9570\" href=\"https:\/\/antrix.pt\/wp-content\/uploads\/2025\/08\/images-of-fabrica-12.jpg\" data-elementor-lightbox-title=\"images of fa\u00c3\u0152\u00c2\u0081brica 12\">\r\n\r\n\t\t\t\t\t\t\t<div class=\"m-neuron-gallery__inner\">\r\n\r\n\t\t\t\t\t\t\t\t\r\n\t\t\t\t\t\t\t\t<div class=\"m-neuron-gallery__thumbnail--link\">\r\n\t\t\t\t\t\t\t\t\t<div class=\"m-neuron-gallery__thumbnail\">\r\n\t\t\t\t\t\t\t\t\t\t<img decoding=\"async\" src=\"https:\/\/antrix.pt\/wp-content\/uploads\/2025\/08\/images-of-fabrica-12-1024x768.jpg\" \/>\r\n\t\t\t\t\t\t\t\t\t<\/div>\r\n\t\t\t\t\t\t\t\t\t\t\t\t\t\t\t\t\t<\/div>\r\n\t\t\t\t\t\t\t\t\r\n\t\t\t\t\t\t\t\t\r\n\t\t\t\t\t\t\t<\/div>\r\n\r\n\t\t\t\t\t\t<\/a>\r\n\r\n\t\t\t\t\t\t\r\n\t\t\t\t\t\t\t\t\t\t\t<a class=\"l-neuron-grid__item m-neuron-gallery__item h-neuron-animation--wow\" data-elementor-open-lightbox=\"yes\" data-elementor-lightbox-slideshow=\"all-e0fc333\" data-id=\"9572\" href=\"https:\/\/antrix.pt\/wp-content\/uploads\/2025\/08\/images-of-fabrica-14.jpg\" data-elementor-lightbox-title=\"images of fa\u00c3\u0152\u00c2\u0081brica 14\">\r\n\r\n\t\t\t\t\t\t\t<div class=\"m-neuron-gallery__inner\">\r\n\r\n\t\t\t\t\t\t\t\t\r\n\t\t\t\t\t\t\t\t<div class=\"m-neuron-gallery__thumbnail--link\">\r\n\t\t\t\t\t\t\t\t\t<div class=\"m-neuron-gallery__thumbnail\">\r\n\t\t\t\t\t\t\t\t\t\t<img decoding=\"async\" src=\"https:\/\/antrix.pt\/wp-content\/uploads\/2025\/08\/images-of-fabrica-14.jpg\" \/>\r\n\t\t\t\t\t\t\t\t\t<\/div>\r\n\t\t\t\t\t\t\t\t\t\t\t\t\t\t\t\t\t<\/div>\r\n\t\t\t\t\t\t\t\t\r\n\t\t\t\t\t\t\t\t\r\n\t\t\t\t\t\t\t<\/div>\r\n\r\n\t\t\t\t\t\t<\/a>\r\n\r\n\t\t\t\t\t\t\r\n\t\t\t\t\t\t\t\t\t<\/div>\r\n\r\n\t\t\t\t\t\t\t\t\t<\/div>\n\t\t\t\t<\/div>\n\t\t\t\t\t<\/div>\n\t\t\t\t<\/div>\n\t\t\t\t<\/div>\n\t\t","protected":false},"excerpt":{"rendered":"<p>Imagens da F\u00e1brica do Ingl\u00eas Home<\/p>\n","protected":false},"author":2,"featured_media":0,"parent":0,"menu_order":0,"comment_status":"closed","ping_status":"closed","template":"","meta":{"footnotes":""},"class_list":["post-9603","page","type-page","status-publish","hentry"],"yoast_head":"<!-- This site is optimized with the Yoast SEO plugin v25.0 - https:\/\/yoast.com\/wordpress\/plugins\/seo\/ -->\n<title>F\u00e1brica do Ingl\u00eas - Galeria - Antrix<\/title>\n<meta name=\"robots\" content=\"index, follow, max-snippet:-1, max-image-preview:large, max-video-preview:-1\" \/>\n<link rel=\"canonical\" href=\"https:\/\/antrix.pt\/pt-pt\/imagens-da-fabrica-do-ingles\/\" \/>\n<meta property=\"og:locale\" content=\"pt_PT\" \/>\n<meta property=\"og:type\" content=\"article\" \/>\n<meta property=\"og:title\" content=\"F\u00e1brica do Ingl\u00eas - Galeria - Antrix\" \/>\n<meta property=\"og:description\" content=\"Imagens da F\u00e1brica do Ingl\u00eas Home\" \/>\n<meta property=\"og:url\" content=\"https:\/\/antrix.pt\/pt-pt\/imagens-da-fabrica-do-ingles\/\" \/>\n<meta property=\"og:site_name\" content=\"Antrix\" \/>\n<meta property=\"article:modified_time\" content=\"2025-08-05T10:50:16+00:00\" \/>\n<meta property=\"og:image\" content=\"https:\/\/antrix.pt\/wp-content\/uploads\/2025\/08\/Main-Image-1024x576.jpg\" \/>\n<meta name=\"twitter:card\" content=\"summary_large_image\" \/>\n<script type=\"application\/ld+json\" class=\"yoast-schema-graph\">{\"@context\":\"https:\/\/schema.org\",\"@graph\":[{\"@type\":\"WebPage\",\"@id\":\"https:\/\/antrix.pt\/pt-pt\/imagens-da-fabrica-do-ingles\/\",\"url\":\"https:\/\/antrix.pt\/pt-pt\/imagens-da-fabrica-do-ingles\/\",\"name\":\"F\u00e1brica do Ingl\u00eas - Galeria - Antrix\",\"isPartOf\":{\"@id\":\"https:\/\/antrix.pt\/pt-pt\/#website\"},\"primaryImageOfPage\":{\"@id\":\"https:\/\/antrix.pt\/pt-pt\/imagens-da-fabrica-do-ingles\/#primaryimage\"},\"image\":{\"@id\":\"https:\/\/antrix.pt\/pt-pt\/imagens-da-fabrica-do-ingles\/#primaryimage\"},\"thumbnailUrl\":\"https:\/\/antrix.pt\/wp-content\/uploads\/2025\/08\/Main-Image-1024x576.jpg\",\"datePublished\":\"2025-08-04T11:31:07+00:00\",\"dateModified\":\"2025-08-05T10:50:16+00:00\",\"breadcrumb\":{\"@id\":\"https:\/\/antrix.pt\/pt-pt\/imagens-da-fabrica-do-ingles\/#breadcrumb\"},\"inLanguage\":\"pt-PT\",\"potentialAction\":[{\"@type\":\"ReadAction\",\"target\":[\"https:\/\/antrix.pt\/pt-pt\/imagens-da-fabrica-do-ingles\/\"]}]},{\"@type\":\"ImageObject\",\"inLanguage\":\"pt-PT\",\"@id\":\"https:\/\/antrix.pt\/pt-pt\/imagens-da-fabrica-do-ingles\/#primaryimage\",\"url\":\"https:\/\/antrix.pt\/wp-content\/uploads\/2025\/08\/Main-Image-1024x576.jpg\",\"contentUrl\":\"https:\/\/antrix.pt\/wp-content\/uploads\/2025\/08\/Main-Image-1024x576.jpg\"},{\"@type\":\"BreadcrumbList\",\"@id\":\"https:\/\/antrix.pt\/pt-pt\/imagens-da-fabrica-do-ingles\/#breadcrumb\",\"itemListElement\":[{\"@type\":\"ListItem\",\"position\":1,\"name\":\"In\u00edcio\",\"item\":\"https:\/\/antrix.pt\/pt-pt\/home\/\"},{\"@type\":\"ListItem\",\"position\":2,\"name\":\"F\u00e1brica do Ingl\u00eas &#8211; Galeria\"}]},{\"@type\":\"WebSite\",\"@id\":\"https:\/\/antrix.pt\/pt-pt\/#website\",\"url\":\"https:\/\/antrix.pt\/pt-pt\/\",\"name\":\"Antrix\",\"description\":\"DEVELOPING WITH PRECISION AND CARE\",\"publisher\":{\"@id\":\"https:\/\/antrix.pt\/pt-pt\/#organization\"},\"potentialAction\":[{\"@type\":\"SearchAction\",\"target\":{\"@type\":\"EntryPoint\",\"urlTemplate\":\"https:\/\/antrix.pt\/pt-pt\/?s={search_term_string}\"},\"query-input\":{\"@type\":\"PropertyValueSpecification\",\"valueRequired\":true,\"valueName\":\"search_term_string\"}}],\"inLanguage\":\"pt-PT\"},{\"@type\":\"Organization\",\"@id\":\"https:\/\/antrix.pt\/pt-pt\/#organization\",\"name\":\"Antrix\",\"url\":\"https:\/\/antrix.pt\/pt-pt\/\",\"logo\":{\"@type\":\"ImageObject\",\"inLanguage\":\"pt-PT\",\"@id\":\"https:\/\/antrix.pt\/pt-pt\/#\/schema\/logo\/image\/\",\"url\":\"\",\"contentUrl\":\"\",\"caption\":\"Antrix\"},\"image\":{\"@id\":\"https:\/\/antrix.pt\/pt-pt\/#\/schema\/logo\/image\/\"}}]}<\/script>\n<!-- \/ Yoast SEO plugin. -->","yoast_head_json":{"title":"F\u00e1brica do Ingl\u00eas - Galeria - Antrix","robots":{"index":"index","follow":"follow","max-snippet":"max-snippet:-1","max-image-preview":"max-image-preview:large","max-video-preview":"max-video-preview:-1"},"canonical":"https:\/\/antrix.pt\/pt-pt\/imagens-da-fabrica-do-ingles\/","og_locale":"pt_PT","og_type":"article","og_title":"F\u00e1brica do Ingl\u00eas - Galeria - Antrix","og_description":"Imagens da F\u00e1brica do Ingl\u00eas Home","og_url":"https:\/\/antrix.pt\/pt-pt\/imagens-da-fabrica-do-ingles\/","og_site_name":"Antrix","article_modified_time":"2025-08-05T10:50:16+00:00","og_image":[{"url":"https:\/\/antrix.pt\/wp-content\/uploads\/2025\/08\/Main-Image-1024x576.jpg","type":"","width":"","height":""}],"twitter_card":"summary_large_image","schema":{"@context":"https:\/\/schema.org","@graph":[{"@type":"WebPage","@id":"https:\/\/antrix.pt\/pt-pt\/imagens-da-fabrica-do-ingles\/","url":"https:\/\/antrix.pt\/pt-pt\/imagens-da-fabrica-do-ingles\/","name":"F\u00e1brica do Ingl\u00eas - Galeria - Antrix","isPartOf":{"@id":"https:\/\/antrix.pt\/pt-pt\/#website"},"primaryImageOfPage":{"@id":"https:\/\/antrix.pt\/pt-pt\/imagens-da-fabrica-do-ingles\/#primaryimage"},"image":{"@id":"https:\/\/antrix.pt\/pt-pt\/imagens-da-fabrica-do-ingles\/#primaryimage"},"thumbnailUrl":"https:\/\/antrix.pt\/wp-content\/uploads\/2025\/08\/Main-Image-1024x576.jpg","datePublished":"2025-08-04T11:31:07+00:00","dateModified":"2025-08-05T10:50:16+00:00","breadcrumb":{"@id":"https:\/\/antrix.pt\/pt-pt\/imagens-da-fabrica-do-ingles\/#breadcrumb"},"inLanguage":"pt-PT","potentialAction":[{"@type":"ReadAction","target":["https:\/\/antrix.pt\/pt-pt\/imagens-da-fabrica-do-ingles\/"]}]},{"@type":"ImageObject","inLanguage":"pt-PT","@id":"https:\/\/antrix.pt\/pt-pt\/imagens-da-fabrica-do-ingles\/#primaryimage","url":"https:\/\/antrix.pt\/wp-content\/uploads\/2025\/08\/Main-Image-1024x576.jpg","contentUrl":"https:\/\/antrix.pt\/wp-content\/uploads\/2025\/08\/Main-Image-1024x576.jpg"},{"@type":"BreadcrumbList","@id":"https:\/\/antrix.pt\/pt-pt\/imagens-da-fabrica-do-ingles\/#breadcrumb","itemListElement":[{"@type":"ListItem","position":1,"name":"In\u00edcio","item":"https:\/\/antrix.pt\/pt-pt\/home\/"},{"@type":"ListItem","position":2,"name":"F\u00e1brica do Ingl\u00eas &#8211; Galeria"}]},{"@type":"WebSite","@id":"https:\/\/antrix.pt\/pt-pt\/#website","url":"https:\/\/antrix.pt\/pt-pt\/","name":"Antrix","description":"DEVELOPING WITH PRECISION AND CARE","publisher":{"@id":"https:\/\/antrix.pt\/pt-pt\/#organization"},"potentialAction":[{"@type":"SearchAction","target":{"@type":"EntryPoint","urlTemplate":"https:\/\/antrix.pt\/pt-pt\/?s={search_term_string}"},"query-input":{"@type":"PropertyValueSpecification","valueRequired":true,"valueName":"search_term_string"}}],"inLanguage":"pt-PT"},{"@type":"Organization","@id":"https:\/\/antrix.pt\/pt-pt\/#organization","name":"Antrix","url":"https:\/\/antrix.pt\/pt-pt\/","logo":{"@type":"ImageObject","inLanguage":"pt-PT","@id":"https:\/\/antrix.pt\/pt-pt\/#\/schema\/logo\/image\/","url":"","contentUrl":"","caption":"Antrix"},"image":{"@id":"https:\/\/antrix.pt\/pt-pt\/#\/schema\/logo\/image\/"}}]}},"_links":{"self":[{"href":"https:\/\/antrix.pt\/pt-pt\/wp-json\/wp\/v2\/pages\/9603","targetHints":{"allow":["GET"]}}],"collection":[{"href":"https:\/\/antrix.pt\/pt-pt\/wp-json\/wp\/v2\/pages"}],"about":[{"href":"https:\/\/antrix.pt\/pt-pt\/wp-json\/wp\/v2\/types\/page"}],"author":[{"embeddable":true,"href":"https:\/\/antrix.pt\/pt-pt\/wp-json\/wp\/v2\/users\/2"}],"replies":[{"embeddable":true,"href":"https:\/\/antrix.pt\/pt-pt\/wp-json\/wp\/v2\/comments?post=9603"}],"version-history":[{"count":6,"href":"https:\/\/antrix.pt\/pt-pt\/wp-json\/wp\/v2\/pages\/9603\/revisions"}],"predecessor-version":[{"id":9775,"href":"https:\/\/antrix.pt\/pt-pt\/wp-json\/wp\/v2\/pages\/9603\/revisions\/9775"}],"wp:attachment":[{"href":"https:\/\/antrix.pt\/pt-pt\/wp-json\/wp\/v2\/media?parent=9603"}],"curies":[{"name":"wp","href":"https:\/\/api.w.org\/{rel}","templated":true}]}}